{"id":1067,"date":"2017-03-04T20:46:11","date_gmt":"2017-03-05T01:46:11","guid":{"rendered":"http:\/\/martee.hu\/blog\/?page_id=1067"},"modified":"2017-03-04T20:53:56","modified_gmt":"2017-03-05T01:53:56","slug":"montrealba-koltozes-kiskateja","status":"publish","type":"page","link":"https:\/\/martee.hu\/blog\/montrealba-koltozes-kiskateja\/","title":{"rendered":"Montre\u00e1lba k\u00f6lt\u00f6z\u00e9s kisk\u00e1t\u00e9ja"},"content":{"rendered":"<p style=\"text-align: justify;\"><img loading=\"lazy\" decoding=\"async\" class=\"aligncenter size-large wp-image-1072\" src=\"http:\/\/martee.hu\/blog\/wp-content\/uploads\/2017\/03\/IMG_2480-1024x730.jpg\" alt=\"\" width=\"870\" height=\"620\" srcset=\"https:\/\/martee.hu\/blog\/wp-content\/uploads\/2017\/03\/IMG_2480-1024x730.jpg 1024w, https:\/\/martee.hu\/blog\/wp-content\/uploads\/2017\/03\/IMG_2480-300x214.jpg 300w, https:\/\/martee.hu\/blog\/wp-content\/uploads\/2017\/03\/IMG_2480-768x547.jpg 768w\" sizes=\"auto, (max-width: 870px) 100vw, 870px\" \/><\/p>\n<p style=\"text-align: justify;\">El\u00f6lj\u00e1r\u00f3ban csak annyit szeretn\u00e9k elmondani, hogy ennek a posztnak az adta az alapj\u00e1t, hogy az elm\u00falt 2 h\u00f3napban t\u00f6bben is megkerestek azzal a sz\u00e1nd\u00e9kkal, hogy Montre\u00e1lba szeretn\u00e9nek k\u00f6lt\u00f6zni hosszabb-r\u00f6videbb id\u0151re. Mivel nehezen lehet b\u00e1rmif\u00e9le inform\u00e1ci\u00f3t beszerezni az itteni \u00e9letr\u0151l, ez\u00e9rt nagyon \u00f6r\u00fcln\u00e9nek, ha pr\u00f3b\u00e1ln\u00e9k nekik a felmer\u00fcl\u0151 k\u00e9rd\u00e9seikre v\u00e1laszt adni.<\/p>\n<p style=\"text-align: justify;\">Eml\u00e9kszem, 3 \u00e9vvel ezel\u0151tt \u00e9n is ugyanebben a cip\u0151ben j\u00e1rtam, gondoltam, lehet aktu\u00e1lis lenne egy olyan poszt, amiben \u00f6sszegy\u0171jt\u00f6m ezeket a k\u00e9rd\u00e9seket &#8211; \u00e9s igyekszem a lehet\u0151 legjobb tud\u00e1som szerint megv\u00e1laszolni. Ha esetleg olvassa valaki &#8220;Montreal-expert&#8221; az oldalt, h\u00e1tha ki is eg\u00e9sz\u00edti a gondolataimat. \ud83d\ude42<br \/>\nNagyon sokat seg\u00edtene vele nekem \u00e9s a t\u00f6bbi \u00e9rdekl\u0151d\u0151nek is!!<\/p>\n<p style=\"text-align: justify;\">Szeretn\u00e9m hangs\u00falyozni, hogy \u00e9n csak azokat a dolgokat tudom megosztani, elmes\u00e9lni, amiket mi tapasztaltunk az elm\u00falt 2,5 \u00e9v alatt&#8230;<\/p>\n<p>Mivel Kanada francia r\u00e9sz\u00e9n tal\u00e1lhat\u00f3 Montreal, tal\u00e1n a number 1 k\u00e9rd\u00e9s az, hogy:<\/p>\n<p style=\"text-align: justify;\"><strong>&#8211; Mennyire sz\u00fcks\u00e9ges a francia nyelv ismerete a mindennapi \u00e9letben val\u00f3 boldogul\u00e1shoz?<\/strong><\/p>\n<p style=\"text-align: justify;\">&#8211; V\u00e9lem\u00e9nyem szerint Kanada lehet nem is k\u00e9t nagy r\u00e9szb\u0151l \u00e1ll, hanem h\u00e1romb\u00f3l&#8230; &#8211; szerintem \u00e9lesen elk\u00fcl\u00f6n\u00fcl az angol Kanada, a francia Kanada \u00e9s Montre\u00e1l, ami a kett\u0151 \u00f6tv\u00f6zete. Fel tudn\u00e9k sorolni nem egy szem\u00e9lyt az ismer\u0151seim k\u00f6z\u00fcl, akik \u00e9veket t\u00f6lt\u00f6ttek el ebben a v\u00e1rosban francia nyelvtud\u00e1s n\u00e9lk\u00fcl. Ugyan\u00fagy boldogultak az angol nyelvvel a boltokban, eg\u00e9szs\u00e9g\u00fcgyben, iskol\u00e1ban, \u00fcgyint\u00e9z\u00e9sben, DE&#8230;<br \/>\nNagyon sokan meglep\u0151dve d\u00f6bbentek r\u00e1, &#8211; k\u00f6zt\u00fck mi is -, hogyha elhagyjuk a v\u00e1rost, akkor onnant\u00f3l kezdve szinte csak franci\u00e1t lehet hallani, olvasni, \u00e9s lehet hihetetlennek hangzik, de egy hamburger-rendel\u00e9s sem megy z\u00f6kken\u0151mentesen angol nyelven&#8230;<\/p>\n<p style=\"text-align: justify;\">Valamint hozz\u00e1 kell tennem azt is, hogy ezek az ismer\u0151s\u00f6k nem kerestek munk\u00e1t (mert vagy tanul\u00f3-v\u00edzummal, vagy az eredeti munkahely\u00fck\u00f6n kereszt\u00fcl \u00e9rkeztek az orsz\u00e1gba), \u00e9s nem is akartak letelepedni Qu\u00e9becben.<br \/>\nAhhoz, hogy munk\u00e1t tal\u00e1ljunk, igenis besz\u00e9lni kell valamilyen szinten francia nyelven! A leteleped\u00e9shez pedig n\u00e9lk\u00fcl\u00f6zhetetlen, hisz nyelvvizsg\u00e1t kell tenni franci\u00e1b\u00f3l ak\u00e1r a lassabb, ak\u00e1r a gyorsabb leteleped\u00e9si k\u00e9relmet adjuk be.<\/p>\n<p style=\"text-align: justify;\"><strong>&#8211; J\u00e1rhat-e angol iskol\u00e1ba a gyerekem vagy k\u00f6telez\u0151 francia suliba \u00edratni?<\/strong><\/p>\n<p style=\"text-align: justify;\">&#8211; Angol iskol\u00e1ba viszonylag kev\u00e9s gyerek j\u00e1rhat, mivel 3 esetet sorol fel a beiskol\u00e1z\u00e1si t\u00f6rv\u00e9ny:<\/p>\n<ol style=\"text-align: justify;\">\n<li>akiknek a sz\u00fclei mindketten maguk is angol iskol\u00e1ba j\u00e1rtak<\/li>\n<li>a temporary permittel rendelkez\u0151k (ideiglenes munkav\u00e1llal\u00f3k vagy ideiglenes tanul\u00e1si enged\u00e9llyel rendelkez\u0151k)<\/li>\n<li>azoknak a katon\u00e1knak, diplomat\u00e1knak a gyerekei, akiket ide helyeztek \u00e1t<\/li>\n<\/ol>\n<p style=\"text-align: justify;\">Teh\u00e1t ez el\u00e9gg\u00e9 megsz\u0171ri a l\u00e9tsz\u00e1mot. Ebb\u0151l kifoly\u00f3lag nincs t\u00fal sok angol iskola Montre\u00e1lban&#8230;<\/p>\n<p style=\"text-align: justify;\"><u>http:\/\/www.emsb.qc.ca\/emsb_en\/pdf_en\/schools_en\/2016-2017\/LIST%20OF%20SCHOOLS%202016-2017new.pdf<\/u><\/p>\n<p style=\"text-align: justify;\">Aki viszont rendelkezik olyan dokumentummal, ami ezen felt\u00e9telek k\u00f6z\u00fcl valamelyiknek is megfelel, annak fel kell keresnie az EMSB-t (English Montreal School Board), hogy ki\u00e1ll\u00edtsanak a gyermeke sz\u00e1m\u00e1ra egy igazol\u00e1st (eligibility) \u00e9s ut\u00e1na m\u00e1r nincs akad\u00e1lya a be\u00edratkoz\u00e1snak!<\/p>\n<p style=\"text-align: justify;\">Akinek nincs lehet\u0151s\u00e9ge angol iskol\u00e1ba menni, az pedig v\u00e1laszthat azok k\u00f6z\u00fcl a francia iskol\u00e1k k\u00f6z\u00fcl, ahol vannak felz\u00e1rk\u00f3ztat\u00f3 oszt\u00e1lyok (classe d&#8217;acceuil). Itt a francia nyelvre fektetik a hangs\u00falyt, \u00e9s amikor a gyerek megfelel egy bizonyos nyelvi szintnek, vizsgat\u00e9tel ut\u00e1n \u00e1tker\u00fclhet a &#8220;rendes oszt\u00e1lyokba&#8221;.<\/p>\n<p style=\"text-align: justify;\"><strong>&#8211; Tanulnak-e francia nyelvet az angol iskol\u00e1kban?<\/strong><\/p>\n<p style=\"text-align: justify;\">&#8211; Az angol iskol\u00e1kban is tanulnak francia nyelvet. Ezt az otthoni idegen nyelv oktat\u00e1shoz lehet hasonl\u00edtani: napi egy \u00f3ra, vagy heti 3 &#8211; iskol\u00e1nk\u00e9nt v\u00e1ltozik -, amikor a kisebbek \u00e9nekeket, szavakat tanulnak, a nagyobbak m\u00e1r nyelvtant, sz\u00f6veg\u00e9rt\u00e9st, \u00edr\u00e1sk\u00e9szs\u00e9get is.<br \/>\nValamint meg kell eml\u00edteni m\u00e9g az immersion school-okat is, ahol az oktat\u00e1s vegyesen zajlik: egy nap angol, egy nap francia nyelven. Ezekben az oszt\u00e1lyokban ennek megfelel\u0151en 2 vezet\u0151 tan\u00e1r n\u00e9ni is van: egy francia \u00e9s egy angol.<\/p>\n<p style=\"text-align: justify;\"><strong>&#8211; Hogyan v\u00e1lasszam ki, hogy melyik iskol\u00e1ba menjen a gyerekem?<\/strong><\/p>\n<p style=\"text-align: justify;\">&#8211; Az iskol\u00e1knak vonz\u00e1sk\u00f6rzet\u00fck van, amit az interneten prezent\u00e1lnak, ez\u00e9rt csak a lakhely\u00fcnknek megfelel\u0151 iskol\u00e1ba irathatjuk be a gyereket (\u00e9rdemes megfontolni ez alapj\u00e1n hov\u00e1 is k\u00f6lt\u00f6z\u00fcnk). Ritka, de l\u00e9teznek &#8220;open district&#8221; iskol\u00e1k is, amelyek lakhelyt\u0151l f\u00fcggetlen\u00fcl fogadj\u00e1k a tanul\u00f3kat, de ezek a t\u00faljelentkez\u00e9s miatt vagy \u00e9rkez\u00e9si sorrendet \u00e1ll\u00edtanak fel, vagy sorsol\u00e1ssal d\u00f6ntik el, ki juthat be, esetleg felv\u00e9telihez k\u00f6tik a beiratkoz\u00e1st.<br \/>\nAz iskol\u00e1k weboldala \u00e1ltal\u00e1ban r\u00e9szletes inform\u00e1ci\u00f3kat k\u00f6z\u00f6l arr\u00f3l, hogy az adott iskol\u00e1ban milyen a nyelvi bont\u00e1s (pl. immersion school &#8211; ami a franci\u00e1ra koncentr\u00e1l, hogy felz\u00e1rk\u00f3ztassa az \u00fajonnan \u00e9rkez\u0151 gyerekeket), vagy hogy p\u00e9ld\u00e1ul milyen speci\u00e1lis lehet\u0151s\u00e9geket k\u00edn\u00e1l &#8211; pl. iPadet haszn\u00e1lnak a fels\u0151s gyerekek a tanul\u00e1shoz.<\/p>\n<p style=\"text-align: justify;\">\u00c1ltal\u00e1ban febru\u00e1r elej\u00e9n van a beiratkoz\u00e1s, illetve okt\u00f3berben a felv\u00e9telik, de az eddigi tapasztalataink alapj\u00e1n azt tudjuk mondani, hogy \u00e9rdemes telefonon megkeresni \u0151ket az \u00e9v b\u00e1rmely r\u00e9sz\u00e9ben, nagyon sz\u00edvesen seg\u00edtenek.<\/p>\n<p style=\"text-align: justify;\">A gyerekeket a nyelvtud\u00e1suk alapj\u00e1n bontj\u00e1k csoportokra, \u00edgy a felz\u00e1rk\u00f3z\u00f3k nem tartj\u00e1k fel a halad\u00f3kat. Ez hihetetlen\u00fcl j\u00f3l m\u0171k\u00f6dik itt, l\u00e1tszik, hogy sok az \u00fajonnan becsatlakoz\u00f3 tanul\u00f3, olajozottan kezelik a dolgot.<\/p>\n<p style=\"text-align: justify;\"><strong>&#8211; Az \u00f3voda h\u00e1ny \u00e9ves kort\u00f3l kezd\u0151dik?<\/strong><\/p>\n<p style=\"text-align: justify;\">&#8211; A &#8220;kindergarten&#8221; az \u00e1ltal\u00e1nos iskol\u00e1kon bel\u00fcl 5 \u00e9ves kort\u00f3l kezd\u0151dik. Igaz\u00e1b\u00f3l ez m\u00e1r az \u00e1ltal\u00e1nos iskola r\u00e9sz\u00e9t k\u00e9pezi. Itt a fogl\u00e1lkoz\u00e1sokon bel\u00fcl \u00edrni \u00e9s olvasni is tanulnak a gyerekek, matematik\u00e1val, dalokkal, mond\u00f3k\u00e1kkal b\u0151v\u00edtik a nyelvtud\u00e1sukat.<br \/>\nEz el\u0151tt, ak\u00e1r p\u00e1r h\u00f3napos kort\u00f3l m\u00e1r j\u00e1rhat a gyerek &#8220;daycare&#8221;-be vagy a francia elnevez\u00e9ssel \u00e9lve &#8220;garderie&#8221;-be. Vannak csal\u00e1di \u00f3vod\u00e1k &#8211; b\u00f6lcs\u00f6d\u00e9k, ahova \u00e1ltal\u00e1ban csak 5-6 gyerek j\u00e1r \u00e9s csal\u00e1di h\u00e1zakn\u00e1l, lak\u00e1sokn\u00e1l van kialak\u00edtva a b\u00f6lcsi-ovi. Ezen bel\u00fcl is megk\u00fcl\u00f6nb\u00f6ztetj\u00fck az \u00e1llamilag t\u00e1mogatottakat, amikor kb. napi 8 doll\u00e1r t\u00e9r\u00edt\u00e9si d\u00edj ellen\u00e9ben fogadj\u00e1k a gyerek\u00fcnket &#8211; ebbe bele tartozik a t\u00edz\u00f3rai, eb\u00e9d \u00e9s az uzsonna is (a t\u00f6bbi k\u00f6lts\u00e9get az \u00e1llam fedezi). Illetve vannak a nem-t\u00e1mogatottak, magyar\u00e1n mag\u00e1n garderiek, ahol a napi d\u00edj kb. 45 doll\u00e1r.<br \/>\nAz \u00e1llami rendszerben m\u0171k\u00f6d\u0151 daycarekbe, garderiekbe nagyon id\u0151ben kell regisztr\u00e1lni a gyereket &#8211; mivel sokkal kevesebb hely van, mint jelentkez\u0151 &#8211; ez\u00e9rt is alakult ki a csal\u00e1di-\u00f3voda rendszere, amely ugyanolyan \u00e9rt\u00e9k\u0171, mint az int\u00e9zm\u00e9nyes\u00edtett garderie vagy daycare.<\/p>\n<p style=\"text-align: justify;\"><strong>&#8211; Neh\u00e9z konkr\u00e9t adatokat tal\u00e1lni a mindennapi meg\u00e9lhet\u00e9sre vonatkoz\u00f3an \u00e9s k\u00edv\u00e1ncsi lenn\u00e9k kb. mennyibe ker\u00fcl pl. a rezsi havonta?<\/strong><\/p>\n<p style=\"text-align: justify;\">Amikor ide k\u00f6lt\u00f6zt\u00fcnk, sok embert megk\u00e9rdezt\u00fcnk, hogy melyik r\u00e9sz\u00e9t javasolj\u00e1k a v\u00e1rosnak, ahol el\u00e9rhet\u0151 angol nyelv\u0171 iskola, sok a park (a h\u00e1rom gyerek miatt ez l\u00e9nyeges), j\u00f3 a k\u00f6zbiztons\u00e1g, stb.<br \/>\nA v\u00e1laszok szerint legink\u00e1bb Westmountban (a v\u00e1ros &#8220;r\u00f3zsadombja&#8221;), NDG-ben \u00e9s Cotes-des-Neiges-ben \u00e9rdemes sz\u00e9jjeln\u00e9zni &#8211; szerencs\u00e9re ezek a negyedek a belv\u00e1roshoz is k\u00f6zel esnek, t\u00f6megk\u00f6zleked\u00e9ssel is j\u00f3l megk\u00f6zel\u00edthet\u0151ek \u00e9s kb. 35 &#8211; 40 perc alatt be lehet \u00e9rni downtownba metr\u00f3val \u00e9s busszal.<br \/>\nNDG-ben \u00e9s CDN-ben egy \u00e1tlagos h\u00e1z (6 1\/2-es, err\u0151l kicsit k\u00e9s\u0151bb) b\u00e9rlet $1600-1800 k\u00f6r\u00fcl van. Ezek a legt\u00f6bb esetben duplexek, ami \u00fagy n\u00e9z ki, hogy k\u00e9t k\u00e9tszintes h\u00e1z van egym\u00e1s mellett, a n\u00e9gy bej\u00e1rati ajt\u00f3 az utca fronton egym\u00e1s mellett sorakozik. Z\u00e1r\u00f3jelben jegyzem meg, hogy \u00e1ltal\u00e1ban a fels\u0151k kiad\u00f3k, az als\u00f3kra nagyon gyorsan lecsapnak a b\u00e9rl\u0151k &#8211; lehet, hogy senki nem szeret a l\u00e9pcs\u0151n cuccolni? \ud83d\ude42<br \/>\nFontos m\u00e9g megjegyezni, hogy a b\u00e9rl\u00e9shez sz\u00fcks\u00e9ges a hitelt\u00f6rt\u00e9net vagy valamilyen biztos\u00edt\u00e9k arra, hogy a k\u00f6lts\u00e9geket fizetni tudod, mivel a t\u00f6rv\u00e9nyek nagyon-nagyon v\u00e9dik az alb\u00e9rl\u0151ket, \u00edgy a tulajdonosok megv\u00e1logatj\u00e1k kinek adj\u00e1k ki a h\u00e1zat\/lak\u00e1st. Elfogadj\u00e1k p\u00e9ld\u00e1ul a munkaszerz\u0151d\u00e9st (felh\u00edvj\u00e1k a munk\u00e1ltat\u00f3t) vagy az els\u0151 fizet\u00e9si csekket is.<br \/>\nA rezsiben a nem-f\u0171t\u00e9s-jelleg\u0171 \u00e1ram \u00e9s v\u00edz k\u00f6lts\u00e9ge a kisebbik t\u00e9tel &#8211; \u00e1ltal\u00e1ban $50-100 k\u00f6z\u00f6tt mozog, a f\u0171t\u00e9s pedig t\u00e9len kb. $200-300\/h\u00f3.<\/p>\n<p style=\"text-align: justify;\">A lak\u00e1sok valamivel olcs\u00f3bbak, \u00e9s sokszor tartalmazz\u00e1k a v\u00edz \u00e9s f\u0171t\u00e9s k\u00f6lts\u00e9g\u00e9t, azonban a villany\u00e9rt mindenk\u00e9ppen k\u00fcl\u00f6n kell fizetni. Egy hasonl\u00f3 m\u00e9ret\u0171 lak\u00e1st kb. $1400-1600 k\u00f6r\u00fcl lehet b\u00e9rbevenni. A b\u00e9rleti szerz\u0151d\u00e9sek 12 h\u00f3napra sz\u00f3lnak, ezeket \u00e1ltal\u00e1ban 3 h\u00f3nappal a fordul\u00f3 el\u0151tt lehet felmodani. A szerz\u0151d\u00e9s id\u0151tartama alatt a tulajdonos \u00e9vi 1% \u00e1remel\u00e9sre jogosult, amennyiben ett\u0151l t\u00f6bbet szeretne emelni, akkor bizony\u00edtania kell, hogy milyen b\u0151v\u00edt\u00e9st vagy \u00faj\u00edt\u00e1st eszk\u00f6z\u00f6lt az ingatlanban, ami sz\u00fcks\u00e9gess\u00e9 teszi a havi d\u00edj emel\u00e9s\u00e9t. Ha ezt vitatjuk, \u00fagy d\u00f6nt\u0151 b\u00edr\u00f3s\u00e1g el\u00e9 lehet vinni az \u00fcgyet, de \u00e1ltal\u00e1ban siker\u00fcl meg\u00e1llapodni.<br \/>\nHa tervez\u00fcnk aut\u00f3t (m\u00e1rpedig an\u00e9lk\u00fcl Kanad\u00e1ban nehezen lehet meg\u00e9lni), akkor vegy\u00fck figyelembe, hogy a parkol\u00f3 hely a lak\u00e1sokn\u00e1l szinte mindig f\u00fcggetlen a b\u00e9rlem\u00e9nyt\u0151l, h\u00e1z eset\u00e9n sok h\u00e1zhoz csak egy kocsibe\u00e1ll\u00f3nyi helyet kapunk, nem fedett gar\u00e1zst.<\/p>\n<p style=\"text-align: justify;\">Visszat\u00e9rve a h\u00e1z m\u00e9retekre, itt nem az alapter\u00fcletet adj\u00e1k meg, hanem egy furcsa sz\u00e1mot: 3-1\/2, 5-1\/2, stb. Ez a helyis\u00e9get sz\u00e1m\u00e1t jel\u00f6li, a f\u00e9l a f\u00fcrd\u0151szoba, \u00e9s egy-egynek sz\u00e1m\u00edt a konyha, a nappali \u00e9s a lak\u00f3szob\u00e1k. \u00cdgy egy 4-1\/2-es lak\u00e1sban van egy nappali, egy konyha, egy f\u00fcrd\u0151szoba \u00e9s k\u00e9t valamilyen m\u00e9ret\u0171 szoba.<\/p>\n<p style=\"text-align: justify;\"><strong>&#8211; Lehet-e k\u00f6nnyen r\u00e9szmunkaid\u0151s \u00e1ll\u00e1st tal\u00e1lni &#8211; anyak\u00e9nt?<\/strong><\/p>\n<p style=\"text-align: justify;\">&#8211; Montrealban csak el kell l\u00e1togatni pl. a kijiji.ca oldalra (ez a helyi els\u0151 sz\u00e1m\u00fa apr\u00f3hirdet\u0151 oldal), ahol rengeteg aj\u00e1nlatot lehet tal\u00e1lni ak\u00e1r teljes-, ak\u00e1r r\u00e9szmunkaid\u0151s \u00e1ll\u00e1sra keres\u00fcnk r\u00e1.<br \/>\nTeh\u00e1t k\u00f6nnyen lehet munk\u00e1t tal\u00e1lni. Viszont a k\u00e9rd\u00e9s m\u00e1sodik fele, anyak\u00e9nt, gondolom arra utal, hogy j\u00f3 lenne d\u00e9lel\u0151tt dolgozni, a d\u00e9lut\u00e1nunkat, est\u00e9nket pedig a csal\u00e1ddal t\u00f6lteni.<br \/>\nErre viszont \u00e9n kevesebb lehet\u0151s\u00e9get l\u00e1tok. Egyr\u00e9szt, mert \u00e9n is kerestem, \u00e9s a legt\u00f6bb esetben megadj\u00e1k az \u00f3rasz\u00e1mot, pl. heti h\u00fasz \u00f3ra, de azt ink\u00e1bb \u00fagy k\u00e9pzelik el, hogy dolgozd le k\u00e9t vagy 3 nap alatt, vagy ak\u00e1r hetente v\u00e1ltoz\u00f3 eloszt\u00e1sban.<br \/>\nUgyan\u00edgy az oviban is term\u00e9szetesebb, ha pl. heti 3 napot megy reggelt\u0151l estig a gyerek, mint az, hogy minden nap csak d\u00e9lig &#8211; ahogy ez Magyarorsz\u00e1gon szok\u00e1s.<br \/>\nTeh\u00e1t igaz\u00e1b\u00f3l megoldhat\u00f3, de mondjuk akkor arra a d\u00e9lut\u00e1nra a suliban daycare-t (napk\u00f6zit) kell ig\u00e9nyelni, ami kb. 11-12 doll\u00e1r kiad\u00e1st jelent egy-egy d\u00e9lut\u00e1nra (a jelenlegi minim\u00e1lb\u00e9r \u00f3r\u00e1nk\u00e9nt kb. brutt\u00f3 11 doll\u00e1r).<\/p>\n<p style=\"text-align: justify;\"><strong>&#8211; Mikor Kanad\u00e1ra gondolunk \u00e9s kiv\u00e1ltk\u00e9pp Montrealra, a legt\u00f6bb embernek el\u0151sz\u00f6r csak egy havas t\u00e1j k\u00e9pe ugrik be&#8230;. Mennyire embert pr\u00f3b\u00e1l\u00f3 a t\u00e9l??<\/strong><\/p>\n<p style=\"text-align: justify;\">&#8211; Lehet ezt a k\u00e9rd\u00e9st a legnehezebb megv\u00e1laszolni! \ud83d\ude42 Ugyanis ez annyira szubjekt\u00edv&#8230;<br \/>\nIgen, szokott nagyon-nagyon hideg lenni. Nem ritka a m\u00ednusz 25 fok sem, de&#8230; szerencs\u00e9re ez a rettent\u0151 hideg csak p\u00e1r napig tart. \u00c9pp \u00fagy, mint a nagy h\u0151s\u00e9g ny\u00e1ron. R\u00e1ad\u00e1sul az itt kaphat\u00f3 t\u00e9li ruh\u00e1zatot, csizm\u00e1kat ennek megfelel\u0151en tervezt\u00e9k meg. Itt komolyan veszed a hideget &#8211; \u00edgy ennek megfelel\u0151en fel is \u00f6lt\u00f6z\u00f6l, ergo lehet kevesebbet f\u00e1zol, mint otthon, az enyh\u00e9bb t\u00e9lben&#8230;<br \/>\nSzerencs\u00e9re rengeteg h\u00f3 is t\u00e1rsul a hideghez &#8211; teh\u00e1t ha eddig nem szeretted a t\u00e9li sportokat, akkor majd itt meg fogod kedvelni! \ud83d\ude42<br \/>\nMegnyugtat\u00e1sk\u00e9ppen: az utakat egyb\u0151l takar\u00edtj\u00e1k, teh\u00e1t a v\u00e1ros \u00e9let\u00e9ben nem okoz akkora t\u00f6r\u00e9st, mint azt mi felt\u00e9telezn\u00e9nk&#8230;<br \/>\nPl. k\u00e9t hete esett t\u00f6bb mint hatvan cm h\u00f3, de ennek ellen\u00e9re az iskol\u00e1sok elutaztak 3 \u00f3r\u00e1nyira \u00e9szakra l\u00e9v\u0151 ifj\u00fas\u00e1gi t\u00e1borba, \u00e9s senki nem mondta le az utat, vagy k\u00e9rte meg a lakoss\u00e1got, hogy ne mozduljon ki otthonr\u00f3l. \ud83d\ude42<br \/>\nKomolyra ford\u00edtva a sz\u00f3t, tal\u00e1n nem is a hideg viselhet\u0151 nehezen, hanem a t\u00e9l hossza, hiszen 4-6 h\u00e9ttel tov\u00e1bb tart, mint amit otthon megszoktunk.<\/p>\n<p style=\"text-align: justify;\"><strong>&#8211; Mennyire befogad\u00f3 a t\u00e1rsadalom? Lehet-e \u00e9rezni a h\u00e1tr\u00e1ny\u00e1t, hogy k\u00fclf\u00f6ldiek vagytok?<\/strong><\/p>\n<p style=\"text-align: justify;\">&#8211; A bev\u00e1ndorl\u00e1s Kanad\u00e1ban annyira term\u00e9szetes, mindennapi jelens\u00e9g, hogy igaz\u00e1b\u00f3l szerintem meg sem fordul a legt\u00f6bb ember fej\u00e9ben ez a k\u00e9rd\u00e9s&#8230; Montre\u00e1lban meg pl\u00e1ne nem, hisz multikultur\u00e1lis \u00e9s rettent\u0151en toler\u00e1ns. A vil\u00e1g minden t\u00e1j\u00e1r\u00f3l \u00e9rkeznek ide emberek, \u00e9s ennek megfelel\u0151en az iskol\u00e1k, a munkahelyek, j\u00e1tsz\u00f3terek stb. mind nagyon sz\u00ednes k\u00e9pet mutatnak. Kim\u00e9sz a j\u00e1tsz\u00f3t\u00e9rre \u00e9s mindenf\u00e9le nyelvet hallhatsz az angol \u00e9s a francia mellett&#8230; Ugyan\u00edgy a buszon utazva, \u00e9s ez senkit nem zavar. Term\u00e9szetes.<\/p>\n<p style=\"text-align: justify;\">\u00cdgy kapcsolatokat teremteni, bar\u00e1ts\u00e1gokat l\u00e9trehozni sem neh\u00e9z. J\u00f6nnek-mennek az emberek \u00e9s lehet ez a nagy mozg\u00e1s tartja \u00e9letben ezt az eg\u00e9sz v\u00e1rost, vagy az orsz\u00e1got&#8230;<\/p>\n","protected":false},"excerpt":{"rendered":"<p>El\u00f6lj\u00e1r\u00f3ban csak annyit szeretn\u00e9k elmondani, hogy ennek a posztnak az adta az alapj\u00e1t, hogy az elm\u00falt 2 h\u00f3napban t\u00f6bben is<\/p>\n<p class=\"readmore\"><a href=\"https:\/\/martee.hu\/blog\/montrealba-koltozes-kiskateja\/\" title=\"Read Montre\u00e1lba k\u00f6lt\u00f6z\u00e9s kisk\u00e1t\u00e9ja\">Read more &raquo;<\/a><\/p>\n","protected":false},"author":1,"featured_media":0,"parent":0,"menu_order":0,"comment_status":"closed","ping_status":"closed","template":"","meta":{"_exactmetrics_skip_tracking":false,"_exactmetrics_sitenote_active":false,"_exactmetrics_sitenote_note":"","_exactmetrics_sitenote_category":0,"footnotes":""},"class_list":["post-1067","page","type-page","status-publish","hentry"],"_links":{"self":[{"href":"https:\/\/martee.hu\/blog\/wp-json\/wp\/v2\/pages\/1067","targetHints":{"allow":["GET"]}}],"collection":[{"href":"https:\/\/martee.hu\/blog\/wp-json\/wp\/v2\/pages"}],"about":[{"href":"https:\/\/martee.hu\/blog\/wp-json\/wp\/v2\/types\/page"}],"author":[{"embeddable":true,"href":"https:\/\/martee.hu\/blog\/wp-json\/wp\/v2\/users\/1"}],"replies":[{"embeddable":true,"href":"https:\/\/martee.hu\/blog\/wp-json\/wp\/v2\/comments?post=1067"}],"version-history":[{"count":4,"href":"https:\/\/martee.hu\/blog\/wp-json\/wp\/v2\/pages\/1067\/revisions"}],"predecessor-version":[{"id":1073,"href":"https:\/\/martee.hu\/blog\/wp-json\/wp\/v2\/pages\/1067\/revisions\/1073"}],"wp:attachment":[{"href":"https:\/\/martee.hu\/blog\/wp-json\/wp\/v2\/media?parent=1067"}],"curies":[{"name":"wp","href":"https:\/\/api.w.org\/{rel}","templated":true}]}}